{"id":207,"date":"2019-06-17T22:42:22","date_gmt":"2019-06-17T20:42:22","guid":{"rendered":"http:\/\/spirit-health.de\/?page_id=207"},"modified":"2019-06-19T17:04:49","modified_gmt":"2019-06-19T15:04:49","slug":"satsang","status":"publish","type":"page","link":"https:\/\/spirit-health.de\/?page_id=207","title":{"rendered":"Satsang"},"content":{"rendered":"\n<p>Es bedeutet w\u00f6rtlich: Das Zusammensein in der Wahrheit.  <\/p>\n\n\n\n<p>Sat = die absolute Wahrheit und Sang = Gemeinschaft<\/p>\n\n\n\n<p>Satsang l\u00e4d dazu ein, seiner wahren Natur gewahr zu werden. Jenseits von Verwicklungen, Vorstellungen, Identifikationen und Gedankenstr\u00f6men. Zu dem, was schon immer Frieden, Liebe und Freiheit im Hier und Jetzt ist. Was in jeder Lebensminute aufs neue \u00fcbersehen wird, da wir uns unaufh\u00f6rlich fesseln mit Bedingtheiten und keinen Ausweg sehen. Aber die Wahrheit, der weglose Weg ist bereits da&#8230; und wartet auf dein Loslassen.<\/p>\n\n\n\n<p>Herzensfragen \u00fcber das Leben und unsere wahre Natur k\u00f6nnen gestellt werden.<\/p>\n\n\n\n<p>Die Essenz von Satsang ist Darshan, in der die stille, nicht in Worte fassbare Pr\u00e4senz des EINEN geteilt wird.<\/p>\n\n\n\n<p><\/p>\n\n\n\n<p><\/p>\n","protected":false},"excerpt":{"rendered":"<p>Es bedeutet w\u00f6rtlich: Das Zusammensein in der Wahrheit. Sat = die absolute Wahrheit und Sang = Gemeinschaft Satsang l\u00e4d dazu ein, seiner wahren Natur gewahr zu werden. Jenseits von Verwicklungen, Vorstellungen, Identifikationen und Gedankenstr\u00f6men. Zu dem, was schon immer Frieden, Liebe und Freiheit im Hier und Jetzt ist. Was in jeder Lebensminute aufs neue \u00fcbersehen [&hellip;]<\/p>\n","protected":false},"author":1,"featured_media":0,"parent":21,"menu_order":1,"comment_status":"closed","ping_status":"closed","template":"","meta":{"footnotes":""},"class_list":["post-207","page","type-page","status-publish","hentry","post-preview"],"_links":{"self":[{"href":"https:\/\/spirit-health.de\/index.php?rest_route=\/wp\/v2\/pages\/207","targetHints":{"allow":["GET"]}}],"collection":[{"href":"https:\/\/spirit-health.de\/index.php?rest_route=\/wp\/v2\/pages"}],"about":[{"href":"https:\/\/spirit-health.de\/index.php?rest_route=\/wp\/v2\/types\/page"}],"author":[{"embeddable":true,"href":"https:\/\/spirit-health.de\/index.php?rest_route=\/wp\/v2\/users\/1"}],"replies":[{"embeddable":true,"href":"https:\/\/spirit-health.de\/index.php?rest_route=%2Fwp%2Fv2%2Fcomments&post=207"}],"version-history":[{"count":2,"href":"https:\/\/spirit-health.de\/index.php?rest_route=\/wp\/v2\/pages\/207\/revisions"}],"predecessor-version":[{"id":226,"href":"https:\/\/spirit-health.de\/index.php?rest_route=\/wp\/v2\/pages\/207\/revisions\/226"}],"up":[{"embeddable":true,"href":"https:\/\/spirit-health.de\/index.php?rest_route=\/wp\/v2\/pages\/21"}],"wp:attachment":[{"href":"https:\/\/spirit-health.de\/index.php?rest_route=%2Fwp%2Fv2%2Fmedia&parent=207"}],"curies":[{"name":"wp","href":"https:\/\/api.w.org\/{rel}","templated":true}]}}