{"id":12,"date":"2017-03-10T21:00:56","date_gmt":"2017-03-10T20:00:56","guid":{"rendered":"http:\/\/spirit-health.de\/?page_id=12"},"modified":"2024-12-01T22:47:05","modified_gmt":"2024-12-01T21:47:05","slug":"erwachen-ohne-suche","status":"publish","type":"page","link":"https:\/\/spirit-health.de\/","title":{"rendered":"Erwachen"},"content":{"rendered":"<p><img loading=\"lazy\" decoding=\"async\" class=\" wp-image-237\" src=\"http:\/\/spirit-health.de\/wp-content\/uploads\/2019\/07\/SAM_0684-2-300x200.jpg\" alt=\"\" width=\"556\" height=\"370\" srcset=\"https:\/\/spirit-health.de\/wp-content\/uploads\/2019\/07\/SAM_0684-2-300x200.jpg 300w, https:\/\/spirit-health.de\/wp-content\/uploads\/2019\/07\/SAM_0684-2-768x512.jpg 768w, https:\/\/spirit-health.de\/wp-content\/uploads\/2019\/07\/SAM_0684-2-1024x683.jpg 1024w, https:\/\/spirit-health.de\/wp-content\/uploads\/2019\/07\/SAM_0684-2-676x451.jpg 676w\" sizes=\"auto, (max-width: 556px) 100vw, 556px\" \/><\/p>\n<p class=\"western\"><span style=\"font-family: 'Liberation Serif', 'Times New Roman', serif;\">Es hat eine besondere Zartheit und Sch\u00f6nheit, wenn Du Dich aufgrund Deiner Sehnsucht nach Freiheit, Liebe, Gl\u00fcckseligkeit und Nicht-Getrenntsein auf den spirituellen Weg begibst. Viel Mut geh\u00f6rt dazu, alles in Frage zu stellen, Innen wie Au\u00dfen. <\/span><\/p>\n<p class=\"western\"><span style=\"font-family: 'Liberation Serif', 'Times New Roman', serif;\">Die Entschlossenheit, alles loszulassen &#8211; schlie\u00dflich auch den Suchenden selbst \u2013 beschenkt Dich unendlich:\u00a0 <\/span><span style=\"font-family: 'Liberation Serif', 'Times New Roman', serif;\">Das Verschmelzen im namenlosen, ewigen Jetzt.<br \/>\n<\/span><\/p>\n<p class=\"western\"><span style=\"font-family: 'Liberation Serif', 'Times New Roman', serif;\">Das, wonach Du suchst, bist Du bereits jetzt. <\/span><span style=\"font-family: 'Liberation Serif', 'Times New Roman', serif;\">Nur durch Generationen von Konditionierungen, die sich angesammelt haben und mit denen Identifizierung geschah, erscheint deine wahre Natur unerreichbar.<br \/>\n<\/span><\/p>\n<p class=\"western\">\u00a0\u00a0\u00a0\u00a0\u00a0\u00a0\u00a0\u00a0\u00a0\u00a0\u00a0\u00a0\u00a0\u00a0\u00a0\u00a0\u00a0\u00a0\u00a0\u00a0\u00a0\u00a0\u00a0\u00a0\u00a0\u00a0\u00a0\u00a0\u00a0\u00a0 \u00a0 \u00a0 \u00a0 \u00a0 \u00a0 \u00a0 \u00a0 \u00a0 \u00a0 \u00a0 \u00a0 \u00a0 \u00a0 \u00a0 \u00a0 \u00a0 \u00a0 \u00a0 \u00a0 \u00a0 \u00a0 \u00a0 \u00a0 \u00a0 \u00a0 \u00a0 \u00a0 \u00a0\u00a0\u00a0\u00a0\u00a0\u00a0\u00a0\u00a0 ~~~~~~~~~<\/p>\n<p class=\"western\"><span style=\"font-family: 'Liberation Serif', 'Times New Roman', serif;\">Ich verstehe mich als spiritueller Freund und Begleiter, der einl\u00e4d, das Leben als Ausdruck und Spiel des Bewusstseins zu sehen. Es geht um die Erkenntnis der Quelle allen Seins &#8211; dem Urgrund, der jenseits allen Werdens und Vergehens liegt.<br \/>\n<\/span><\/p>\n<p>\u00a0\u00a0\u00a0\u00a0\u00a0\u00a0\u00a0\u00a0\u00a0\u00a0\u00a0\u00a0\u00a0\u00a0\u00a0\u00a0\u00a0\u00a0\u00a0\u00a0\u00a0\u00a0\u00a0\u00a0\u00a0\u00a0\u00a0\u00a0\u00a0\u00a0\u00a0\u00a0\u00a0\u00a0\u00a0\u00a0\u00a0\u00a0\u00a0\u00a0\u00a0\u00a0\u00a0\u00a0\u00a0\u00a0\u00a0\u00a0\u00a0\u00a0\u00a0\u00a0\u00a0\u00a0\u00a0\u00a0\u00a0\u00a0\u00a0\u00a0\u00a0\u00a0\u00a0\u00a0\u00a0\u00a0\u00a0\u00a0\u00a0\u00a0\u00a0\u00a0\u00a0\u00a0\u00a0\u00a0\u00a0\u00a0\u00a0\u00a0\u00a0\u00a0\u00a0\u00a0\u00a0\u00a0\u00a0\u00a0\u00a0\u00a0\u00a0 ~~~~~~~~~<\/p>\n<p class=\"western\"><strong><span style=\"font-family: 'Liberation Serif', 'Times New Roman', serif;\">In Worte geformtes:<\/span><\/strong><\/p>\n<p class=\"western\"><span style=\"font-family: 'Liberation Serif', 'Times New Roman', serif;\">Jeder Moment ist ein einzigartiges Universum f\u00fcr sich und zugleich nicht greifbar. Es ist, als w\u00fcrden Bilder in Wasser gemalt sein. Alles ist einzigartiger, nicht wissender Zauber.<br \/>\n<\/span><\/p>\n<p class=\"western\"><span style=\"font-family: 'Liberation Serif', 'Times New Roman', serif;\">Die Suche nach Befreiung und Erwachen gleicht einem Fisch, der im Ozean schwimmt und nach Wasser sucht. Obwohl ganz von Wasser umgeben und durchdrungen, gelingt es ihm nicht dies zu erkennen, denn sein Blick ist verschleiert.<br \/>\n<\/span><\/p>\n<p class=\"western\"><span style=\"font-family: 'Liberation Serif', 'Times New Roman', serif;\">Das Mysterium von Form und Leere f\u00fchrt uns in das lebendige Herz des Erwachens. Moment f\u00fcr Moment. Wenn identifizierte Aufmerksamkeit sich zu globalem Bewusstsein \u00f6ffnet wird alles zu einem Tanz des Einen. <\/span><\/p>\n<p class=\"western\"><span style=\"font-family: 'Liberation Serif', 'Times New Roman', serif;\">Subjekt und Objekt verschmelzen, waren nie getrennt. Alles geschieht ohne Handelnden. Jederzeit m\u00f6chte das Ich seine Urheberschaft ausrufen, was aus der fixierten Sicht einer Person auch nat\u00fcrlich erscheint. In Wirklichkeit gibt es keine Personen, nur Spielformen des Einen. <\/span><\/p>\n<p class=\"western\"><span style=\"font-family: 'Liberation Serif', 'Times New Roman', serif;\">Was ist Liebe? Liebe l\u00e4sst sich nicht auf die romantische und meistens von Projektionen gepr\u00e4gte Leidenschaft reduzieren. <\/span><span style=\"font-family: 'Liberation Serif', 'Times New Roman', serif;\">Liebe ist das Umarmen und Eins-Sein mit dem Jetzt &#8211; was es auch immer sein mag. Das gilt besonders f\u00fcr Gef\u00fchle. Nur im gewahrwerden, annehmen und ganz im Herzen aufnehmen geschieht ein Wunder. Das pers\u00f6nlich geglaubte Herz wird unendlich weit &#8211; zum kosmischen Herzen &#8211; und alles findet seinen friedvollen Platz.<br \/>\n<\/span><\/p>\n<p class=\"western\"><span style=\"font-family: 'Liberation Serif', 'Times New Roman', serif;\">Wie Wellen auf dem Meer erscheint eine unendliche F\u00fclle an Ausdrucksformen. Manchmal still, manchmal tanzend, manchmal st\u00fcrmisch. Sch\u00f6pfungen eines Ozeans unermesslicher Weite und Tiefe. Und jenseits des Ozeans und all seiner Ausdrucksformen ist nie jemals etwas geschehen.<br \/>\n<\/span><\/p>\n<p class=\"western\"><em><img loading=\"lazy\" decoding=\"async\" class=\"alignnone wp-image-165 size-full\" src=\"http:\/\/spirit-health.de\/wp-content\/uploads\/2019\/06\/Water.jpg\" alt=\"\" width=\"932\" height=\"428\" srcset=\"https:\/\/spirit-health.de\/wp-content\/uploads\/2019\/06\/Water.jpg 932w, https:\/\/spirit-health.de\/wp-content\/uploads\/2019\/06\/Water-300x138.jpg 300w, https:\/\/spirit-health.de\/wp-content\/uploads\/2019\/06\/Water-768x353.jpg 768w, https:\/\/spirit-health.de\/wp-content\/uploads\/2019\/06\/Water-676x310.jpg 676w\" sizes=\"auto, (max-width: 932px) 100vw, 932px\" \/>\u00a0<\/em><\/p>\n","protected":false},"excerpt":{"rendered":"<p>Es hat eine besondere Zartheit und Sch\u00f6nheit, wenn Du Dich aufgrund Deiner Sehnsucht nach Freiheit, Liebe, Gl\u00fcckseligkeit und Nicht-Getrenntsein auf den spirituellen Weg begibst. Viel Mut geh\u00f6rt dazu, alles in Frage zu stellen, Innen wie Au\u00dfen. Die Entschlossenheit, alles loszulassen &#8211; schlie\u00dflich auch den Suchenden selbst \u2013 beschenkt Dich unendlich:\u00a0 Das Verschmelzen im namenlosen, ewigen [&hellip;]<\/p>\n","protected":false},"author":1,"featured_media":0,"parent":0,"menu_order":1,"comment_status":"closed","ping_status":"closed","template":"template-fullwidth.php","meta":{"footnotes":""},"class_list":["post-12","page","type-page","status-publish","hentry","post-preview"],"_links":{"self":[{"href":"https:\/\/spirit-health.de\/index.php?rest_route=\/wp\/v2\/pages\/12","targetHints":{"allow":["GET"]}}],"collection":[{"href":"https:\/\/spirit-health.de\/index.php?rest_route=\/wp\/v2\/pages"}],"about":[{"href":"https:\/\/spirit-health.de\/index.php?rest_route=\/wp\/v2\/types\/page"}],"author":[{"embeddable":true,"href":"https:\/\/spirit-health.de\/index.php?rest_route=\/wp\/v2\/users\/1"}],"replies":[{"embeddable":true,"href":"https:\/\/spirit-health.de\/index.php?rest_route=%2Fwp%2Fv2%2Fcomments&post=12"}],"version-history":[{"count":45,"href":"https:\/\/spirit-health.de\/index.php?rest_route=\/wp\/v2\/pages\/12\/revisions"}],"predecessor-version":[{"id":291,"href":"https:\/\/spirit-health.de\/index.php?rest_route=\/wp\/v2\/pages\/12\/revisions\/291"}],"wp:attachment":[{"href":"https:\/\/spirit-health.de\/index.php?rest_route=%2Fwp%2Fv2%2Fmedia&parent=12"}],"curies":[{"name":"wp","href":"https:\/\/api.w.org\/{rel}","templated":true}]}}