{"id":87,"date":"2018-06-01T22:00:27","date_gmt":"2018-06-01T20:00:27","guid":{"rendered":"http:\/\/spirit-health.de\/?page_id=87"},"modified":"2021-04-03T23:21:52","modified_gmt":"2021-04-03T21:21:52","slug":"energy-tools","status":"publish","type":"page","link":"http:\/\/spirit-health.de\/?page_id=87","title":{"rendered":"&#8211; Transformation Pads"},"content":{"rendered":"<p><img loading=\"lazy\" decoding=\"async\" class=\"alignnone  wp-image-184\" src=\"http:\/\/spirit-health.de\/wp-content\/uploads\/2019\/06\/Sonnenblume-300x216.jpg\" alt=\"\" width=\"500\" height=\"360\" srcset=\"http:\/\/spirit-health.de\/wp-content\/uploads\/2019\/06\/Sonnenblume-300x216.jpg 300w, http:\/\/spirit-health.de\/wp-content\/uploads\/2019\/06\/Sonnenblume-768x553.jpg 768w, http:\/\/spirit-health.de\/wp-content\/uploads\/2019\/06\/Sonnenblume-1024x737.jpg 1024w, http:\/\/spirit-health.de\/wp-content\/uploads\/2019\/06\/Sonnenblume-676x487.jpg 676w\" sizes=\"auto, (max-width: 500px) 100vw, 500px\" \/><\/p>\n<p>Durch den Zugang zu h\u00f6heren Ebenen der Sch\u00f6pfung k\u00f6nnen Informationen, Frequenzen und Energien zum Wohle der physischen Ebene eingesetzt werden. So entstanden die Energy-Pads. Es sind Bilder, auf denen eine Vielzahl von spezifischen Eigenschaften mit Hilfe der geistigen Welten programmiert sind. Die Pads wirken auf feinstofflicher Ebene stark und tiefgehend.<\/p>\n<p>Aktuell gibt es 4 Energy Pads mit unterschiedlichen Aufgaben:<\/p>\n<ul>\n<li><strong>Pad Allgemeine Transformation<\/strong>: Kehrt alles vom feinstofflich negativen ins positive, lebensaufbauende um und wirkt stark reinigend und energetisierend: Chakras, geopathische St\u00f6rungen, Wasser, Lebensmittel, Schmuck, Steine, Kristalle etc.<\/li>\n<li><strong>Pad Transformation von Entwicklungstraumata<\/strong>: Sehr tiefgehende Transformation alter, lebenseinschr\u00e4nkender Informationen auf zellul\u00e4rer Ebene.<\/li>\n<li><strong>Pad Spirituelle Transformation<\/strong>: Verbindung mit den h\u00f6chsten spirituellen Ebenen. Sehr stark, tiefe Transformationsprozesse werden in Gang setzt. Daher nur als pers\u00f6nliche Sessions m\u00f6glich.<\/li>\n<li><strong>Pad Harmonisierung HF Elektrosmog<\/strong>: Zur Harmonisierung von hochfrequentem Elektrosmog von R\u00e4umen und Mobiltelefonen.<\/li>\n<\/ul>\n<p>Anfragen bitte an: hendrik.althaus@gmx.net<\/p>\n<p><strong>Rechtshinweis:<\/strong><\/p>\n<p><strong>Aus rechtlichen Gr\u00fcnden <\/strong><strong>bin ich<\/strong><strong> verpflichtet folgendes anzugeben:<\/strong><\/p>\n<pre>Die Benutzung meiner Produkte soll nicht dazu f\u00fchren, bei gesundheitlichen Beschwerden die Behandlung durch den Arzt oder Heilpraktiker abzubrechen. Es werden von mir keine medizinischen Ratschl\u00e4ge gegeben.\n\nBei vielen alternativen Methoden ist die Wirksamkeit nach wissenschaftlichen Kriterien bis heute nicht zu beweisen. Dies gilt auch f\u00fcr meine Produkte. Nach den Erkenntnissen der Schulwissenschaft existieren feinstoffliche Energien nicht. Demnach h\u00e4lt die Naturwissenschaft es nicht f\u00fcr m\u00f6glich, dass feinstoffliche Energiefelder einen Einfluss auf das k\u00f6rperliche Wohlbefinden haben.\n\nIch betone ausdr\u00fccklich, dass ich keine Heilwirkungen verspreche. Die genannten Eigenschaften meiner Produkte beruhen alle auf Erfahrungen, die im praktischen Umgang damit gemacht wurden. Sie k\u00f6nnen allerdings mit bisher anerkannten Messmethoden nicht best\u00e4tigt werden. Die Messverfahren, welche die Wirkung nachweisen k\u00f6nnen, werden aber nach aktuellen wissenschaftlichen Standards nicht anerkannt.\n\nAufgrund dieser Tatsache weise ich darauf hin, dass meine Produkte nach derzeit wissenschaftlichen Erkenntnissen lediglich Placebowirkungen hervorrufen k\u00f6nnen.\nEine Verwendung zur Behandlung von Krankheiten oder gem\u00e4\u00df des Medizinproduktgesetzes wird von mir ausdr\u00fccklich untersagt und ist auch nicht vorgesehen.\n\nIch \u00fcbernehme keine Haftung f\u00fcr die Wirksamkeit meiner Produkte. F\u00fcr die Benutzung und die Wahl der richtigen Anwendung ist der Nutzer verantwortlich.<\/pre>\n","protected":false},"excerpt":{"rendered":"<p>Durch den Zugang zu h\u00f6heren Ebenen der Sch\u00f6pfung k\u00f6nnen Informationen, Frequenzen und Energien zum Wohle der physischen Ebene eingesetzt werden. So entstanden die Energy-Pads. Es sind Bilder, auf denen eine Vielzahl von spezifischen Eigenschaften mit Hilfe der geistigen Welten programmiert sind. Die Pads wirken auf feinstofflicher Ebene stark und tiefgehend. Aktuell gibt es 4 Energy [&hellip;]<\/p>\n","protected":false},"author":1,"featured_media":0,"parent":162,"menu_order":2,"comment_status":"closed","ping_status":"closed","template":"template-fullwidth.php","meta":{"footnotes":""},"class_list":["post-87","page","type-page","status-publish","hentry","post-preview"],"_links":{"self":[{"href":"http:\/\/spirit-health.de\/index.php?rest_route=\/wp\/v2\/pages\/87","targetHints":{"allow":["GET"]}}],"collection":[{"href":"http:\/\/spirit-health.de\/index.php?rest_route=\/wp\/v2\/pages"}],"about":[{"href":"http:\/\/spirit-health.de\/index.php?rest_route=\/wp\/v2\/types\/page"}],"author":[{"embeddable":true,"href":"http:\/\/spirit-health.de\/index.php?rest_route=\/wp\/v2\/users\/1"}],"replies":[{"embeddable":true,"href":"http:\/\/spirit-health.de\/index.php?rest_route=%2Fwp%2Fv2%2Fcomments&post=87"}],"version-history":[{"count":14,"href":"http:\/\/spirit-health.de\/index.php?rest_route=\/wp\/v2\/pages\/87\/revisions"}],"predecessor-version":[{"id":288,"href":"http:\/\/spirit-health.de\/index.php?rest_route=\/wp\/v2\/pages\/87\/revisions\/288"}],"up":[{"embeddable":true,"href":"http:\/\/spirit-health.de\/index.php?rest_route=\/wp\/v2\/pages\/162"}],"wp:attachment":[{"href":"http:\/\/spirit-health.de\/index.php?rest_route=%2Fwp%2Fv2%2Fmedia&parent=87"}],"curies":[{"name":"wp","href":"https:\/\/api.w.org\/{rel}","templated":true}]}}