{"id":211,"date":"2019-06-17T22:45:07","date_gmt":"2019-06-17T20:45:07","guid":{"rendered":"http:\/\/spirit-health.de\/?page_id=211"},"modified":"2019-10-02T18:25:36","modified_gmt":"2019-10-02T16:25:36","slug":"meetings-2","status":"publish","type":"page","link":"http:\/\/spirit-health.de\/?page_id=211","title":{"rendered":"Meetings mit Daamodar"},"content":{"rendered":"\n<p><strong>Satsang, Meditation und Darshan im Heilzentrum Helios, N\u00fcrnberg, Am Stadtpark 95. <\/strong><\/p>\n\n\n\n<p><strong>Am 26.10.19 von 19:30 &#8211; 21:30 Uhr<\/strong>: Gemeinsame Offenbarung unseres wahren Selbst.<\/p>\n\n\n\n<p>Einf\u00fchrender kurzer Satsang, danach stille Meditation (30 min.) in der  Pr\u00e4senz eines dreidimensionalen und aktivierten Sri Yantra (Maha Meru).  <\/p>\n\n\n\n<p>Das Sri Yantra ist eines der \u00e4ltesten und zugleich vielschichtigsten Energiesymbole der Menschheit. Es strahlt feinstofflich Informationen h\u00f6chster Ordnung aus und stellt \u00fcber das Kronenchakra eine Verbindung mit den h\u00f6heren spirituellen Ebenen her. Dein Energiefeld wird dabei gereinigt und geordnet. Dein Lichtk\u00f6rper wird dauerhaft um ein Vielfaches vergr\u00f6\u00dfert.     <br>Vorgeschlagene Spende: 10 \u20ac<br><br>Im Verlauf der 2. Meditationsrunde Beginn Einzelsitzungen         Darshan mit Daamodar (separater Raum, auf Spendenbasis und Wunsch). <\/p>\n\n\n\n<p>Siehe auch: www.heilzentrum-helios.de\/seminare-nuernberg\/<\/p>\n\n\n\n<p><strong>Erwachen ohne Suche<\/strong><\/p>\n\n\n\n<p>Satsang, Einzelgespr\u00e4che, Spazierg\u00e4nge in der Natur und stilles Darshan nach Absprache, jeweils auf Spendenbasis<\/p>\n\n\n\n<p>Kontakt: Daamodar@gmx.de<\/p>\n","protected":false},"excerpt":{"rendered":"<p>Satsang, Meditation und Darshan im Heilzentrum Helios, N\u00fcrnberg, Am Stadtpark 95. Am 26.10.19 von 19:30 &#8211; 21:30 Uhr: Gemeinsame Offenbarung unseres wahren Selbst. Einf\u00fchrender kurzer Satsang, danach stille Meditation (30 min.) in der Pr\u00e4senz eines dreidimensionalen und aktivierten Sri Yantra (Maha Meru). Das Sri Yantra ist eines der \u00e4ltesten und zugleich vielschichtigsten Energiesymbole der Menschheit. [&hellip;]<\/p>\n","protected":false},"author":1,"featured_media":0,"parent":21,"menu_order":0,"comment_status":"closed","ping_status":"closed","template":"","meta":{"footnotes":""},"class_list":["post-211","page","type-page","status-publish","hentry","post-preview"],"_links":{"self":[{"href":"http:\/\/spirit-health.de\/index.php?rest_route=\/wp\/v2\/pages\/211","targetHints":{"allow":["GET"]}}],"collection":[{"href":"http:\/\/spirit-health.de\/index.php?rest_route=\/wp\/v2\/pages"}],"about":[{"href":"http:\/\/spirit-health.de\/index.php?rest_route=\/wp\/v2\/types\/page"}],"author":[{"embeddable":true,"href":"http:\/\/spirit-health.de\/index.php?rest_route=\/wp\/v2\/users\/1"}],"replies":[{"embeddable":true,"href":"http:\/\/spirit-health.de\/index.php?rest_route=%2Fwp%2Fv2%2Fcomments&post=211"}],"version-history":[{"count":17,"href":"http:\/\/spirit-health.de\/index.php?rest_route=\/wp\/v2\/pages\/211\/revisions"}],"predecessor-version":[{"id":274,"href":"http:\/\/spirit-health.de\/index.php?rest_route=\/wp\/v2\/pages\/211\/revisions\/274"}],"up":[{"embeddable":true,"href":"http:\/\/spirit-health.de\/index.php?rest_route=\/wp\/v2\/pages\/21"}],"wp:attachment":[{"href":"http:\/\/spirit-health.de\/index.php?rest_route=%2Fwp%2Fv2%2Fmedia&parent=211"}],"curies":[{"name":"wp","href":"https:\/\/api.w.org\/{rel}","templated":true}]}}