{"id":201,"date":"2019-06-17T22:29:03","date_gmt":"2019-06-17T20:29:03","guid":{"rendered":"http:\/\/spirit-health.de\/?page_id=201"},"modified":"2019-06-17T22:34:26","modified_gmt":"2019-06-17T20:34:26","slug":"eine-geschichte-oder-wie-alles-begann","status":"publish","type":"page","link":"http:\/\/spirit-health.de\/?page_id=201","title":{"rendered":"Eine Geschichte oder wie alles begann&#8230;"},"content":{"rendered":"\n<p>Als kleiner Junge schaute ich eines Abends durch das Fenster \u00fcber meinem Bett in den klaren Sternenhimmel. Eine funkelnde und unendliche Weite, die mich in ihren Bann zog. Mit einem Mal kehrte sich dieses nach Au\u00dfen gerichtete Staunen wie ein Bumerang um: Was ist mit mir? Da drau\u00dfen die Unendlichkeit &#8211; und ich, was ist mit mir? Bin ich auch unendlich? Werde ich irgendwann nicht mehr sein? Muss ich sterben? Ich erschrak zutiefst. Mein Herz klopfte und lange lag ich wach, ohne eine Antwort zu finden.<\/p>\n\n\n\n<p>Das war der Ausgangspunkt einer langen Suche, die mich Anfang 20 zu den Zenkl\u00f6stern nach Amerika und Japan f\u00fchrte. Hier traf ich zum ersten Mal die Meister, von denen ich soviel in B\u00fcchern gelesen hatte. Augen, die wie Fenster zur Unendlichkeit waren. <\/p>\n\n\n\n<p>Diesmal war es eine innere Unendlichkeit, in die ich schaute und die genauso unergr\u00fcndlich war wie die \u00c4u\u00dfere. Gleichzeitig erf\u00fcllte mich eine gro\u00dfe innere Freude, denn etwas ging in tiefe Resonanz, sp\u00fcrte Wahrheit. Nur wie ich dorthin gelangen konnte verstand ich nicht.<\/p>\n\n\n\n<p>Lange schmerzhafte Meditationsperioden und viele Gespr\u00e4che und Vortr\u00e4ge mit den Meistern folgten. Die solide Schale des imagin\u00e4ren Ich&#8217;s wurde wie eine Eisschicht d\u00fcnner und unidentifiziertes, grenzenloses Bewu\u00dftsein offenbarte sich.<\/p>\n\n\n\n<p>Mit 30 Jahren reifte der Impuls, zur\u00fcck nach Deutschland zu kehren, um das in den Kl\u00f6stern gelebte auch im Alltagsleben zu integrieren.\u00a0Neben Zen wurde bald auch Advaita meine zweite spirituelle Heimat. Viele Gespr\u00e4che, Meditationen, Satsangs und Darshans mit Lehrern und Meistern dieser und anderer Traditionen folgten. Reisen nach S\u00fcdindien, das Treffen mit dort lebenden Meistern und tiefe Innenschau f\u00fchrten zum Ende der illusion\u00e4ren Dualit\u00e4t und eines getrennten Seins.<br><\/p>\n\n\n\n<p>In Gespr\u00e4chen und stillem Darshan m\u00f6ge sich die Unendlichkeit und Sch\u00f6nheit unseres Seins offenbaren.<\/p>\n","protected":false},"excerpt":{"rendered":"<p>Als kleiner Junge schaute ich eines Abends durch das Fenster \u00fcber meinem Bett in den klaren Sternenhimmel. Eine funkelnde und unendliche Weite, die mich in ihren Bann zog. Mit einem Mal kehrte sich dieses nach Au\u00dfen gerichtete Staunen wie ein Bumerang um: Was ist mit mir? Da drau\u00dfen die Unendlichkeit &#8211; und ich, was ist [&hellip;]<\/p>\n","protected":false},"author":1,"featured_media":0,"parent":15,"menu_order":0,"comment_status":"closed","ping_status":"closed","template":"","meta":{"footnotes":""},"class_list":["post-201","page","type-page","status-publish","hentry","post-preview"],"_links":{"self":[{"href":"http:\/\/spirit-health.de\/index.php?rest_route=\/wp\/v2\/pages\/201","targetHints":{"allow":["GET"]}}],"collection":[{"href":"http:\/\/spirit-health.de\/index.php?rest_route=\/wp\/v2\/pages"}],"about":[{"href":"http:\/\/spirit-health.de\/index.php?rest_route=\/wp\/v2\/types\/page"}],"author":[{"embeddable":true,"href":"http:\/\/spirit-health.de\/index.php?rest_route=\/wp\/v2\/users\/1"}],"replies":[{"embeddable":true,"href":"http:\/\/spirit-health.de\/index.php?rest_route=%2Fwp%2Fv2%2Fcomments&post=201"}],"version-history":[{"count":2,"href":"http:\/\/spirit-health.de\/index.php?rest_route=\/wp\/v2\/pages\/201\/revisions"}],"predecessor-version":[{"id":203,"href":"http:\/\/spirit-health.de\/index.php?rest_route=\/wp\/v2\/pages\/201\/revisions\/203"}],"up":[{"embeddable":true,"href":"http:\/\/spirit-health.de\/index.php?rest_route=\/wp\/v2\/pages\/15"}],"wp:attachment":[{"href":"http:\/\/spirit-health.de\/index.php?rest_route=%2Fwp%2Fv2%2Fmedia&parent=201"}],"curies":[{"name":"wp","href":"https:\/\/api.w.org\/{rel}","templated":true}]}}