{"id":196,"date":"2019-06-17T22:13:07","date_gmt":"2019-06-17T20:13:07","guid":{"rendered":"http:\/\/spirit-health.de\/?page_id=196"},"modified":"2020-04-27T18:59:11","modified_gmt":"2020-04-27T16:59:11","slug":"daamodar","status":"publish","type":"page","link":"http:\/\/spirit-health.de\/?page_id=196","title":{"rendered":"Daamodar (Hendrik Althaus)"},"content":{"rendered":"\n<p>Spiritueller Begleiter, Geistheiler und Ersteller feinstofflicher Tools zur Transformation. Und: Mensch wie jeder andere auch.<\/p>\n\n\n\n<p><br>Als  spiritueller Begleiter biete ich Gespr\u00e4che in Form von Satsang und  gemeinsames Sein in der Stille in Form von Darshan an. N\u00e4heres zu  Satsang und Darshan findest du unter &#8222;Meetings&#8220;.<\/p>\n\n\n\n<p><br>Als  Geistheiler entstand die Gabe, feinstofflichen Zugang zu allen geistigen  Ebenen zu erhalten und diese auf Wunsch auch hier auf Erden zu  manifestieren.&nbsp;Das gr\u00f6\u00dfte Heil ist nicht im Au\u00dfen zu finden. Liebe, h\u00f6chste Ordnung, Vollkommenheit und Heil-Sein ist schon immer da, in unserem Inneren, meist nur nicht bewusst angeschlossen aufgrund von Verwicklungen, Nicht-Wissen und dem Fokus auf das Materielle. Es ist mir eine Herzensangelegenheit, diese grundlegende Quelle allen Heil- und Ganz-Seins zu vermitteln.<\/p>\n\n\n\n<p><br>Als  Erfinder und Erbauer von feinstofflich wirksamen Gegenst\u00e4nden werden die transformativen Kr\u00e4fte der hohen geistigen Ebenen f\u00fcr uns erlebbar. Diese feinen Schwingungen k\u00f6nnen eine St\u00e4rke von bis zu mehreren Trillionen B.E. haben und z. B. ein Glas Wasser auf einen Radius von bis zu 50 m zum Strahlen bringen. Weitere Informationen dazu findest du unter dem Punkt &#8222;Transformation&#8220;.<\/p>\n\n\n\n<figure class=\"wp-block-gallery columns-1 is-cropped wp-block-gallery-1 is-layout-flex wp-block-gallery-is-layout-flex\"><ul class=\"blocks-gallery-grid\"><li class=\"blocks-gallery-item\"><figure><img loading=\"lazy\" decoding=\"async\" width=\"913\" height=\"1024\" src=\"http:\/\/spirit-health.de\/wp-content\/uploads\/2020\/04\/Hendrik_Tiru-913x1024.jpg\" alt=\"\" data-id=\"282\" data-full-url=\"http:\/\/spirit-health.de\/wp-content\/uploads\/2020\/04\/Hendrik_Tiru.jpg\" data-link=\"http:\/\/spirit-health.de\/?attachment_id=282\" class=\"wp-image-282\" srcset=\"http:\/\/spirit-health.de\/wp-content\/uploads\/2020\/04\/Hendrik_Tiru-913x1024.jpg 913w, http:\/\/spirit-health.de\/wp-content\/uploads\/2020\/04\/Hendrik_Tiru-267x300.jpg 267w, http:\/\/spirit-health.de\/wp-content\/uploads\/2020\/04\/Hendrik_Tiru-768x862.jpg 768w, http:\/\/spirit-health.de\/wp-content\/uploads\/2020\/04\/Hendrik_Tiru-676x758.jpg 676w, http:\/\/spirit-health.de\/wp-content\/uploads\/2020\/04\/Hendrik_Tiru.jpg 967w\" sizes=\"auto, (max-width: 913px) 100vw, 913px\" \/><\/figure><\/li><\/ul><\/figure>\n","protected":false},"excerpt":{"rendered":"<p>Spiritueller Begleiter, Geistheiler und Ersteller feinstofflicher Tools zur Transformation. Und: Mensch wie jeder andere auch. Als spiritueller Begleiter biete ich Gespr\u00e4che in Form von Satsang und gemeinsames Sein in der Stille in Form von Darshan an. N\u00e4heres zu Satsang und Darshan findest du unter &#8222;Meetings&#8220;. Als Geistheiler entstand die Gabe, feinstofflichen Zugang zu allen geistigen [&hellip;]<\/p>\n","protected":false},"author":1,"featured_media":0,"parent":15,"menu_order":0,"comment_status":"closed","ping_status":"closed","template":"","meta":{"footnotes":""},"class_list":["post-196","page","type-page","status-publish","hentry","post-preview"],"_links":{"self":[{"href":"http:\/\/spirit-health.de\/index.php?rest_route=\/wp\/v2\/pages\/196","targetHints":{"allow":["GET"]}}],"collection":[{"href":"http:\/\/spirit-health.de\/index.php?rest_route=\/wp\/v2\/pages"}],"about":[{"href":"http:\/\/spirit-health.de\/index.php?rest_route=\/wp\/v2\/types\/page"}],"author":[{"embeddable":true,"href":"http:\/\/spirit-health.de\/index.php?rest_route=\/wp\/v2\/users\/1"}],"replies":[{"embeddable":true,"href":"http:\/\/spirit-health.de\/index.php?rest_route=%2Fwp%2Fv2%2Fcomments&post=196"}],"version-history":[{"count":11,"href":"http:\/\/spirit-health.de\/index.php?rest_route=\/wp\/v2\/pages\/196\/revisions"}],"predecessor-version":[{"id":283,"href":"http:\/\/spirit-health.de\/index.php?rest_route=\/wp\/v2\/pages\/196\/revisions\/283"}],"up":[{"embeddable":true,"href":"http:\/\/spirit-health.de\/index.php?rest_route=\/wp\/v2\/pages\/15"}],"wp:attachment":[{"href":"http:\/\/spirit-health.de\/index.php?rest_route=%2Fwp%2Fv2%2Fmedia&parent=196"}],"curies":[{"name":"wp","href":"https:\/\/api.w.org\/{rel}","templated":true}]}}