{"id":19,"date":"2017-03-10T21:01:16","date_gmt":"2017-03-10T21:01:16","guid":{"rendered":"http:\/\/spirit-health.de\/?page_id=19"},"modified":"2019-04-28T22:51:22","modified_gmt":"2019-04-28T20:51:22","slug":"impressum","status":"publish","type":"page","link":"http:\/\/spirit-health.de\/?page_id=19","title":{"rendered":"Impressum"},"content":{"rendered":"<table width=\"100%\">\n<tbody>\n<tr>\n<td><strong>Geistiges Heilen:<br \/>\n<\/strong>Als Heiler darf ich keine Diagnosen erstellen und kann, will und darf eine \u00e4rztliche Behandlung nicht ersetzen. Geistiges Heilen dient der Aktivierung der Selbstheilungskr\u00e4fte und ersetzt nicht die Diagnose oder Behandlung beim Arzt\/Heilpraktiker. Diese soll auf keinen Fall abgebrochen oder ver\u00e4ndert werden. Ich kann und darf kein Heilversprechen abgeben. Heilung kann der erfahren, der sich Ihr \u00f6ffnet. Heiler stehen oft unter einem gro\u00dfem Erwartungsdruck. Der eigene Wille zur Genesung, zum Wohlbefinden, das Ausma\u00df der Selbstliebe und die Demut sind von gro\u00dfer Bedeutung.<\/p>\n<p><strong>Angaben gem. \u00a7 5 TMG:<\/strong><b>Betreiber und <\/b><b>Kontakt:<\/b><\/p>\n<p>Hendrik Althaus, Unterkrumbach 25<br \/>\n91241 Kirchsittenbach. Telefonnummer: 01718334888<br \/>\nE-Mail-Adresse: hendrik.althaus@gmx.net<\/p>\n<p><b>Bilder und Grafiken:<\/b><br \/>\nAngaben der Quelle f\u00fcr verwendetes Bilder- und Grafikmaterial:<br \/>\nHendrik Althaus<\/p>\n<p><b>Online-Streitbeilegung gem\u00e4\u00df Art. 14 Abs. 1 ODR-VO<\/b><\/p>\n<p>Die Europ\u00e4ische Kommission stellt eine Plattform zur Online-Streitbeilegung (OS) bereit, die Sie unter http:\/\/ec.europa.eu\/consumers\/odr\/\u00a0finden.<\/p>\n<p><strong>Haftungsausschluss:<\/strong><\/p>\n<p><strong>\u00a71 &#8211; Inhalte der Website <\/strong><br \/>\nIch \u00fcbernehme keinerlei Gew\u00e4hr f\u00fcr die Aktualit\u00e4t, Korrektheit, Vollst\u00e4ndigkeit oder Qualit\u00e4t der bereitgestellten Informationen. Haftungsanspr\u00fcche gegen mich, welche sich auf Sch\u00e4den materieller oder ideeller Art beziehen, die durch die Nutzung oder Nichtnutzung der dargebotenen Informationen bzw. durch die Nutzung fehlerhafter und unvollst\u00e4ndiger Informationen verursacht wurden sind grunds\u00e4tzlich ausgeschlossen. Alle Angebote sind freibleibend und unverbindlich. Ich behalte es mir ausdr\u00fccklich vor, Teile der Seiten oder das gesamte Angebot ohne gesonderte Ank\u00fcndigung zu ver\u00e4ndern, zu erg\u00e4nzen, zu l\u00f6schen oder die Ver\u00f6ffentlichung zeitweise oder endg\u00fcltig einzustellen.<br \/>\n<strong>\u00a72 &#8211; Verweise und Links<\/strong><br \/>\nIch bin nicht f\u00fcr die Inhalte der gelinkten Seiten verantwortlich und distanziere mich hiermit ausdr\u00fccklich von den Inhalten der gelinkten Seiten. Es kann keinerlei Verantwortung f\u00fcr eventuelle Sch\u00e4den oder Folgesch\u00e4den aus dem Besuch der gelinkten Seiten \u00fcbernommen werden. Zu den sogenannten gelinkten Seiten z\u00e4hlen alle Objekte, die \u00fcber die Website erreicht werden k\u00f6nnen, z.B. \u00fcber Hyperlinks.<br \/>\n<strong>\u00a73 &#8211; Eigenes Copyright <\/strong><br \/>\nDer komplette Inhalt der Website ist, wenn nicht anders angegeben, mein eigenes geistiges Eigentum. Alle Rechte vorbehalten.<br \/>\n<strong>\u00a74 &#8211; Urheberrechte <\/strong><br \/>\nIch bin bestrebt die Urheberrechte der verwendeten Grafiken und Texte zu beachten. Sollte ich dennoch unbeabsichtigt gegen fremde Copyrights versto\u00dfen haben, so bitte ich um eine entsprechende Benachrichtigung. Sollte eine Copyrightverletzung vorliegen, wird diese so schnell wie m\u00f6glich behoben.\u00a0\u00a0 \u00a0\u00a0 \u00a0\u00a0\u00a0 \u00a0 \u00a0\u00a0 \u00a0 \u00a0\u00a0 \u00a0\u00a0\u00a0\u00a0\u00a0\u00a0\u00a0\u00a0\u00a0\u00a0\u00a0\u00a0\u00a0\u00a0\u00a0\u00a0\u00a0\u00a0\u00a0\u00a0\u00a0\u00a0\u00a0\u00a0\u00a0\u00a0\u00a0\u00a0\u00a0\u00a0\u00a0\u00a0\u00a0\u00a0\u00a0\u00a0\u00a0\u00a0\u00a0\u00a0\u00a0\u00a0\u00a0\u00a0\u00a0\u00a0 \u00a0\u00a0 <strong>\u00a75 &#8211; Rechtswirksamkeit dieses Haftungsausschlusses\u00a0\u00a0\u00a0\u00a0\u00a0\u00a0\u00a0\u00a0\u00a0\u00a0\u00a0\u00a0\u00a0\u00a0\u00a0\u00a0\u00a0\u00a0\u00a0\u00a0\u00a0\u00a0\u00a0\u00a0\u00a0\u00a0\u00a0\u00a0\u00a0\u00a0\u00a0\u00a0\u00a0\u00a0\u00a0\u00a0\u00a0\u00a0\u00a0\u00a0\u00a0\u00a0\u00a0\u00a0\u00a0\u00a0\u00a0\u00a0\u00a0\u00a0\u00a0\u00a0\u00a0\u00a0\u00a0\u00a0\u00a0\u00a0\u00a0\u00a0 <\/strong>Dieser Haftungsausschluss ist als Teil des Internetangebotes zu betrachten, von dem aus auf diese Seite verwiesen wurde. Sofern Teile oder einzelne Formulierungen dieses Textes der geltenden Rechtslage nicht, nicht mehr oder nicht vollst\u00e4ndig entsprechen sollten, bleiben die \u00fcbrigen Teile des Dokumentes in ihrem Inhalt und ihrer G\u00fcltigkeit davon unber\u00fchrt.<\/td>\n<\/tr>\n<\/tbody>\n<\/table>\n","protected":false},"excerpt":{"rendered":"<p>Geistiges Heilen: Als Heiler darf ich keine Diagnosen erstellen und kann, will und darf eine \u00e4rztliche Behandlung nicht ersetzen. Geistiges Heilen dient der Aktivierung der Selbstheilungskr\u00e4fte und ersetzt nicht die Diagnose oder Behandlung beim Arzt\/Heilpraktiker. Diese soll auf keinen Fall abgebrochen oder ver\u00e4ndert werden. Ich kann und darf kein Heilversprechen abgeben. Heilung kann der erfahren, [&hellip;]<\/p>\n","protected":false},"author":1,"featured_media":0,"parent":0,"menu_order":5,"comment_status":"closed","ping_status":"closed","template":"","meta":{"footnotes":""},"class_list":["post-19","page","type-page","status-publish","hentry","post-preview"],"_links":{"self":[{"href":"http:\/\/spirit-health.de\/index.php?rest_route=\/wp\/v2\/pages\/19","targetHints":{"allow":["GET"]}}],"collection":[{"href":"http:\/\/spirit-health.de\/index.php?rest_route=\/wp\/v2\/pages"}],"about":[{"href":"http:\/\/spirit-health.de\/index.php?rest_route=\/wp\/v2\/types\/page"}],"author":[{"embeddable":true,"href":"http:\/\/spirit-health.de\/index.php?rest_route=\/wp\/v2\/users\/1"}],"replies":[{"embeddable":true,"href":"http:\/\/spirit-health.de\/index.php?rest_route=%2Fwp%2Fv2%2Fcomments&post=19"}],"version-history":[{"count":18,"href":"http:\/\/spirit-health.de\/index.php?rest_route=\/wp\/v2\/pages\/19\/revisions"}],"predecessor-version":[{"id":147,"href":"http:\/\/spirit-health.de\/index.php?rest_route=\/wp\/v2\/pages\/19\/revisions\/147"}],"wp:attachment":[{"href":"http:\/\/spirit-health.de\/index.php?rest_route=%2Fwp%2Fv2%2Fmedia&parent=19"}],"curies":[{"name":"wp","href":"https:\/\/api.w.org\/{rel}","templated":true}]}}