{"id":187,"date":"2019-06-16T19:10:32","date_gmt":"2019-06-16T17:10:32","guid":{"rendered":"http:\/\/spirit-health.de\/?page_id=187"},"modified":"2024-12-01T22:54:01","modified_gmt":"2024-12-01T21:54:01","slug":"sri-yantra-shiva-lingam","status":"publish","type":"page","link":"http:\/\/spirit-health.de\/?page_id=187","title":{"rendered":"Sri Yantra und Parinama Lingam"},"content":{"rendered":"\r\n<figure class=\"wp-block-image is-resized\"><img loading=\"lazy\" decoding=\"async\" class=\"wp-image-256\" src=\"http:\/\/spirit-health.de\/wp-content\/uploads\/2019\/07\/Sri-Yantra-1024x871.jpg\" alt=\"\" width=\"566\" height=\"481\" srcset=\"http:\/\/spirit-health.de\/wp-content\/uploads\/2019\/07\/Sri-Yantra-1024x871.jpg 1024w, http:\/\/spirit-health.de\/wp-content\/uploads\/2019\/07\/Sri-Yantra-300x255.jpg 300w, http:\/\/spirit-health.de\/wp-content\/uploads\/2019\/07\/Sri-Yantra-768x654.jpg 768w, http:\/\/spirit-health.de\/wp-content\/uploads\/2019\/07\/Sri-Yantra-676x575.jpg 676w, http:\/\/spirit-health.de\/wp-content\/uploads\/2019\/07\/Sri-Yantra.jpg 1033w\" sizes=\"auto, (max-width: 566px) 100vw, 566px\" \/><\/figure>\r\n\r\n\r\n\r\n<p>Seit vielen Jahren erfinde und baue ich feinstoffliche Tools, die der Transformation, Entst\u00f6rung und dem Ganz-Sein dienen. Dazu geh\u00f6ren Transformation-Pads, Pyramiden, Doppelpyramiden, Sri Yantren und Lingams.<\/p>\r\n\r\n\r\n\r\n<p>Das <strong>Sri Yantra<\/strong> ist ein uraltes Symbol kosmischer Vollkommenheit. Es gilt als das heiligste und bedeutendste Yantra. Es ist ein unsch\u00e4tzbar gro\u00dfes Geschenk an die Menschheit, dessen wahrer Wert selten erkannt wird. Besonders in seiner dreidimensionalen Form als Maha Meru hat es eine gro\u00dfe feinstofflich-energetische Ausstrahlung. Bereits kleinere Formen mit einem Durchmesser von 20 cm (an der Basis) erreichen in freien Feld einen Ausstrahlungsradius von bis zu 200 m, je nach verwendetem Material, Herstellungsprozess und Einhaltung der geometrischen Proportionen.<br \/>Das Sri Yantra strahlt ein vielschichtiges Energiefeld h\u00f6chster Ordnung aus. Es beeinflusst das menschliche Energie- und Chakrensystem \u00e4u\u00dferst positiv. Zudem \u00f6ffnet es das Kronenchakra, sodass der kosmische Energiefluss eingeladen wird. <br \/>Die 3-dimensionalen Sri Yantren werden von mir in Einzelarbeit hergestellt. Jeder einzelne Bestandteil wird daf\u00fcr vorher energetisch gereinigt und feinstofflich auf optimale Wirkung ausgemessen. <\/p>\r\n\r\n\r\n\r\n<p class=\"has-large-font-size\"><strong>Lingams<\/strong><\/p>\r\n\r\n\r\n\r\n<ul class=\"wp-block-gallery columns-1 is-cropped wp-block-gallery-1 is-layout-flex wp-block-gallery-is-layout-flex\">\r\n<li class=\"blocks-gallery-item\">\r\n<figure><img loading=\"lazy\" decoding=\"async\" width=\"1024\" height=\"739\" class=\"wp-image-241\" src=\"http:\/\/spirit-health.de\/wp-content\/uploads\/2019\/07\/Siva-Lingam-2-1024x739.jpg\" alt=\"\" data-id=\"241\" \/><\/figure>\r\n<\/li>\r\n<\/ul>\r\n\r\n\r\n\r\n<p>Die von mir erbauten Parinama Lingams (Parinama ist Sanskrit und bedeutet Transformation) sind wie Shiva Ligams Zeichen des G\u00f6ttlichen. Das Wort Lingam bedeutet Zeichen, Symbol, Strahlender und Leuchtender. Die Lingams stehen also als Symbol wie Leuchtt\u00fcrme des G\u00f6ttlichen.<\/p>\r\n\r\n\r\n\r\n<p>Der ovale, senkrechte Stein eines Shiva Lingam meint das unmanifeste, reine und alles durchdringende Bewusstsein, der horizontale Bereich, auf dem der Stein steht, meint die manifeste und dynamische Energie. Shiva und Shakti.<\/p>\r\n\r\n\r\n\r\n<p>Bei der reinen Symbolik bleibt es nicht, denn durch diese Urform werden in hohem Ma\u00dfe feinstoffliche Energien ausgestrahlt. Diese werden durch Segnungen und Energetisierungen weiter verst\u00e4rkt und verfeinert. Bereits ein Parinama Lingam mit einem Durchmesser von 30 cm (an der unteren Basis) kann ein Feld von 500 m Radius entwickeln.<\/p>\r\n","protected":false},"excerpt":{"rendered":"<p>Seit vielen Jahren erfinde und baue ich feinstoffliche Tools, die der Transformation, Entst\u00f6rung und dem Ganz-Sein dienen. Dazu geh\u00f6ren Transformation-Pads, Pyramiden, Doppelpyramiden, Sri Yantren und Lingams. Das Sri Yantra ist ein uraltes Symbol kosmischer Vollkommenheit. Es gilt als das heiligste und bedeutendste Yantra. Es ist ein unsch\u00e4tzbar gro\u00dfes Geschenk an die Menschheit, dessen wahrer Wert [&hellip;]<\/p>\n","protected":false},"author":1,"featured_media":0,"parent":162,"menu_order":3,"comment_status":"closed","ping_status":"closed","template":"","meta":{"footnotes":""},"class_list":["post-187","page","type-page","status-publish","hentry","post-preview"],"_links":{"self":[{"href":"http:\/\/spirit-health.de\/index.php?rest_route=\/wp\/v2\/pages\/187","targetHints":{"allow":["GET"]}}],"collection":[{"href":"http:\/\/spirit-health.de\/index.php?rest_route=\/wp\/v2\/pages"}],"about":[{"href":"http:\/\/spirit-health.de\/index.php?rest_route=\/wp\/v2\/types\/page"}],"author":[{"embeddable":true,"href":"http:\/\/spirit-health.de\/index.php?rest_route=\/wp\/v2\/users\/1"}],"replies":[{"embeddable":true,"href":"http:\/\/spirit-health.de\/index.php?rest_route=%2Fwp%2Fv2%2Fcomments&post=187"}],"version-history":[{"count":28,"href":"http:\/\/spirit-health.de\/index.php?rest_route=\/wp\/v2\/pages\/187\/revisions"}],"predecessor-version":[{"id":293,"href":"http:\/\/spirit-health.de\/index.php?rest_route=\/wp\/v2\/pages\/187\/revisions\/293"}],"up":[{"embeddable":true,"href":"http:\/\/spirit-health.de\/index.php?rest_route=\/wp\/v2\/pages\/162"}],"wp:attachment":[{"href":"http:\/\/spirit-health.de\/index.php?rest_route=%2Fwp%2Fv2%2Fmedia&parent=187"}],"curies":[{"name":"wp","href":"https:\/\/api.w.org\/{rel}","templated":true}]}}