{"id":17,"date":"2017-03-10T21:01:05","date_gmt":"2017-03-10T21:01:05","guid":{"rendered":"http:\/\/spirit-health.de\/?page_id=17"},"modified":"2018-07-01T14:16:29","modified_gmt":"2018-07-01T12:16:29","slug":"gesund-schlafen-rutengaenger","status":"publish","type":"page","link":"http:\/\/spirit-health.de\/?page_id=17","title":{"rendered":"&#8211; Gesund Schlafen &#8211; Ruteng\u00e4nger"},"content":{"rendered":"<p class=\"western\" style=\"text-align: left;\" align=\"left\"><span style=\"font-family: Helvetica; font-size: 18pt;\"><strong>Die feinstoffliche Welt<\/strong><\/span><\/p>\n<p class=\"western\" style=\"text-align: left;\" align=\"left\"><span style=\"font-family: Helvetica; font-size: 14pt;\">Die feinstoffliche Welt ist f\u00fcr die meisten Menschen nicht sichtbar und dennoch wirkt sie fundamental. Sie ist zudem Schnittstelle zwischen der rein geistigen und der materiellen Welt. \u00dcber unseren sch\u00f6pferischen Geist k\u00f6nnen wir bewussten Einfluss auf diese verborgene Welt nehmen. <\/span><\/p>\n<p class=\"western\" style=\"text-align: left;\" align=\"left\"><span style=\"font-family: Helvetica; font-size: 18pt;\"><b>Ruteng\u00e4nger:<\/b><\/span><\/p>\n<p class=\"western\" style=\"text-align: left;\" align=\"left\"><span style=\"font-family: Helvetica; font-size: 14pt;\">Unser Schlafplatz dient der Regeneration und ist Kraftquelle f\u00fcr einen neuen Tag. Diese Eigenschaften sicherzustellen ist durch die Vielzahl m\u00f6glicher St\u00f6rquellen fast eine Wissenschaft geworden. Alle relevanten Faktoren teste ich f\u00fcr Sie aus. Zudem k\u00f6nnen Pl\u00e4tze, R\u00e4ume und Gegenst\u00e4nde so behandelt werden, dass sie dauerhaft lebensaufbauende feinstoffliche Energien aussenden. Die St\u00e4rke (gemessen in Boviseinheiten) und Qualit\u00e4t (Frequenz, Eigenschaft) der Energetisierung geschieht individuell in Absprache.<\/span><\/p>\n<ul style=\"text-align: left;\">\n<li class=\"western\"><span style=\"font-family: Helvetica; font-size: 14pt;\">Messung und Harmonisierung von geopathischen St\u00f6rungen (z.B. Wasseradern) und Elektrosmog<\/span><\/li>\n<li class=\"western\"><span style=\"font-family: Helvetica; font-size: 14pt;\">Der gesunde Schlafplatz <\/span><\/li>\n<li class=\"western\"><span style=\"font-family: Helvetica; font-size: 14pt;\">Bau von Entst\u00f6rger\u00e4ten<\/span><\/li>\n<li class=\"western\"><span style=\"font-family: Helvetica; font-size: 14pt;\">Energetisierung und Weihung von Pl\u00e4tzen, R\u00e4umen und Gegenst\u00e4nden<\/span><\/li>\n<li class=\"western\"><span style=\"font-family: Helvetica; font-size: 14pt;\">Aufstellen von Heil- und Lichts\u00e4ulen<\/span><\/li>\n<\/ul>\n<p style=\"text-align: left;\"><span style=\"font-family: Helvetica; font-size: 14pt;\">Kontakt: hendrik.althaus@gmx.net<\/span><\/p>\n<p>&nbsp;<\/p>\n<p><strong>Rechtshinweis:<\/strong><\/p>\n<p><strong>Aus rechtlichen Gr\u00fcnden bin ich verpflichtet folgendes anzugeben:<\/strong><\/p>\n<p><span style=\"font-family: Liberation Serif, serif;\"><span style=\"font-size: medium;\">Als Heiler erstelle ich keine Diagnosen und kann, will und darf eine \u00e4rztliche Behandlung nicht ersetzen. Geistiges Heilen dient der Aktivierung der Selbstheilungskr\u00e4fte und ersetzt nicht die Diagnose oder Behandlung beim Arzt\/Heilpraktiker. Diese soll auf keinen Fall abgebrochen oder ver\u00e4ndert werden. Ich kann und darf kein Heilversprechen abgeben. Heilung kann der erfahren, der sich Ihr \u00f6ffnet. Heiler stehen oft unter einem gro\u00dfem Erwartungsdruck. Der eigene Wille zur Genesung, zum Wohlbefinden, das Ausma\u00df der Selbstliebe und die Demut sind von gro\u00dfer Bedeutung. <\/span><\/span><\/p>\n<p>Die Benutzung meiner Produkte soll nicht dazu f\u00fchren, bei gesundheitlichen Beschwerden die Behandlung durch den Arzt oder Heilpraktiker abzubrechen. Es werden von mir keine medizinischen Ratschl\u00e4ge gegeben.<\/p>\n<p>Bei vielen alternativen Methoden ist die Wirksamkeit nach wissenschaftlichen Kriterien bis heute nicht zu beweisen. Dies gilt auch f\u00fcr meine Produkte. Nach den Erkenntnissen der Schulwissenschaft existieren feinstoffliche Energien nicht. Demnach h\u00e4lt die Naturwissenschaft es nicht f\u00fcr m\u00f6glich, dass feinstoffliche Energiefelder einen Einfluss auf das k\u00f6rperliche Wohlbefinden haben.<\/p>\n<p>Ich betone ausdr\u00fccklich, dass ich keine Heilwirkungen verspreche. Die genannten Eigenschaften meiner Produkte beruhen alle auf Erfahrungen, die im praktischen Umgang damit gemacht wurden. Sie k\u00f6nnen allerdings mit bisher anerkannten Messmethoden nicht best\u00e4tigt werden. Die Messverfahren, welche die Wirkung nachweisen k\u00f6nnen, werden aber nach aktuellen wissenschaftlichen Standards nicht anerkannt.<\/p>\n<p>Aufgrund dieser Tatsache weise ich darauf hin, dass meine Produkte nach derzeit wissenschaftlichen Erkenntnissen lediglich Placebowirkungen hervorrufen k\u00f6nnen.<br \/>\nEine Verwendung zur Behandlung von Krankheiten oder gem\u00e4\u00df des Medizinproduktgesetzes wird von mir ausdr\u00fccklich untersagt und ist auch nicht vorgesehen.<\/p>\n<p>Ich \u00fcbernehme keine Haftung f\u00fcr die Wirksamkeit meiner Produkte. F\u00fcr die Benutzung und die Wahl der richtigen Anwendung ist der Nutzer verantwortlich.<\/p>\n<p style=\"text-align: left;\">\n","protected":false},"excerpt":{"rendered":"<p>Die feinstoffliche Welt Die feinstoffliche Welt ist f\u00fcr die meisten Menschen nicht sichtbar und dennoch wirkt sie fundamental. Sie ist zudem Schnittstelle zwischen der rein geistigen und der materiellen Welt. \u00dcber unseren sch\u00f6pferischen Geist k\u00f6nnen wir bewussten Einfluss auf diese verborgene Welt nehmen. Ruteng\u00e4nger: Unser Schlafplatz dient der Regeneration und ist Kraftquelle f\u00fcr einen neuen [&hellip;]<\/p>\n","protected":false},"author":1,"featured_media":0,"parent":53,"menu_order":4,"comment_status":"closed","ping_status":"closed","template":"template-fullwidth.php","meta":{"footnotes":""},"class_list":["post-17","page","type-page","status-publish","hentry","post-preview"],"_links":{"self":[{"href":"http:\/\/spirit-health.de\/index.php?rest_route=\/wp\/v2\/pages\/17","targetHints":{"allow":["GET"]}}],"collection":[{"href":"http:\/\/spirit-health.de\/index.php?rest_route=\/wp\/v2\/pages"}],"about":[{"href":"http:\/\/spirit-health.de\/index.php?rest_route=\/wp\/v2\/types\/page"}],"author":[{"embeddable":true,"href":"http:\/\/spirit-health.de\/index.php?rest_route=\/wp\/v2\/users\/1"}],"replies":[{"embeddable":true,"href":"http:\/\/spirit-health.de\/index.php?rest_route=%2Fwp%2Fv2%2Fcomments&post=17"}],"version-history":[{"count":4,"href":"http:\/\/spirit-health.de\/index.php?rest_route=\/wp\/v2\/pages\/17\/revisions"}],"predecessor-version":[{"id":115,"href":"http:\/\/spirit-health.de\/index.php?rest_route=\/wp\/v2\/pages\/17\/revisions\/115"}],"up":[{"embeddable":true,"href":"http:\/\/spirit-health.de\/index.php?rest_route=\/wp\/v2\/pages\/53"}],"wp:attachment":[{"href":"http:\/\/spirit-health.de\/index.php?rest_route=%2Fwp%2Fv2%2Fmedia&parent=17"}],"curies":[{"name":"wp","href":"https:\/\/api.w.org\/{rel}","templated":true}]}}